{"id":411,"date":"2016-05-12T13:27:30","date_gmt":"2016-05-12T13:27:30","guid":{"rendered":"http:\/\/sourtec.genesis.co.nl\/?page_id=411"},"modified":"2016-09-27T16:06:56","modified_gmt":"2016-09-27T16:06:56","slug":"testes-em-materiais-compositos","status":"publish","type":"page","link":"http:\/\/sourtec.com\/site\/pt\/testes-em-materiais-compositos\/","title":{"rendered":"Testes em Materiais Comp\u00f3sitos"},"content":{"rendered":"<p><a href=\"http:\/\/sourtec.com\/site\/wp-content\/uploads\/2016\/05\/Testes-em-materiais-comp\u00f3sitos.jpg\"><img decoding=\"async\" loading=\"lazy\" class=\"alignleft wp-image-550\" src=\"http:\/\/sourtec.com\/site\/wp-content\/uploads\/2016\/05\/Testes-em-materiais-comp\u00f3sitos-251x300.jpg\" alt=\"\" width=\"390\" height=\"466\" srcset=\"http:\/\/sourtec.com\/site\/wp-content\/uploads\/2016\/05\/Testes-em-materiais-comp\u00f3sitos-251x300.jpg 251w, http:\/\/sourtec.com\/site\/wp-content\/uploads\/2016\/05\/Testes-em-materiais-comp\u00f3sitos.jpg 653w\" sizes=\"(max-width: 390px) 100vw, 390px\" \/><\/a>Sourtec \u00e9 uma empresa bem equipada oferecendo uma vasta gama de servi\u00e7os de ensaio e avalia\u00e7\u00e3o para estruturas e materiais comp\u00f3sitos, desde pequena escala at\u00e9 estruturas em escala real. N\u00f3s estamos comprometidos com a certifica\u00e7\u00e3o e teste deste promissor\u00a0material e, consequentemente, entender as peculiaridades que surgem com o uso de\u00a0materiais comp\u00f3sitos quando comparados com materiais tradicionais.<\/p>\n<p>Se voc\u00ea est\u00e1 procurando por uma avalia\u00e7\u00e3o independente do seu comp\u00f3sito,\u00a0qualifica\u00e7\u00e3o de um comp\u00f3sito em particular ou teste de um lote de amostras, a Sourtec\u00a0ter\u00e1 o prazer e estar\u00e1 pronta para atend\u00ea-lo.<\/p>\n<p>Abaixo voc\u00ea pode encontrar uma lista de ensaios (e suas respectivas normas que n\u00f3s\u00a0seguimos as recomenda\u00e7\u00f5es) em amostras de comp\u00f3sitos que temos experi\u00eancia em\u00a0lidar:<\/p>\n<p>Tra\u00e7\u00e3o: ASTM D3039 e D638;<\/p>\n<p>Compress\u00e3o: ASTM D6641;<\/p>\n<p>Tra\u00e7\u00e3o\/compress\u00e3o open hole: ASTM D5766 e D6484;<\/p>\n<p>Cisalhamento: ASTM D3518 e D7078;<\/p>\n<p>Flex\u00e3o em 3 e 4 pontos: ASTM D7264;<\/p>\n<p>Cisalhamento interlaminar (short beam): ASTM D2344;<\/p>\n<p>Flu\u00eancia \u00e0 curto e longo prazo;<\/p>\n<p>Envelhecimento acelerado: ASTM D5229;<\/p>\n<p>Envelhecimento em ambientes agressivos;<\/p>\n<p>Fadiga sob carregamentos requeridos;<\/p>\n<p>Resist\u00eancia \u00e0 tra\u00e7\u00e3o em cilindros: ASTM 2290;<\/p>\n<p>An\u00e1lise fractogr\u00e1fica.<\/p>\n<p>Al\u00e9m disso, n\u00f3s possu\u00edmos infraestrutura adequada e especialistas em nosso Time de\u00a0P&amp;D para realizar ensaios em estruturas com escala real, como por exemplo:<\/p>\n<p>Ensaios de press\u00e3o interna para cilindros e vasos de press\u00e3o em material comp\u00f3sito:\u00a0ASTM D2992.<\/p>\n<p>Uma vez que n\u00f3s temos um time muito interdisciplinar e uma das nossas especialidades\u00a0chave \u00e9 a engenharia de corros\u00e3o, nosso time trabalha extensivamente no\u00a0desenvolvimento de novos suportes para avaliar as propriedades mec\u00e2nicas mencionadas sob ambientes agressivos, como por exemplo H 2 S e CO 2 , e sob\u00a0temperatura e\/ou press\u00e3o.<\/p>\n<p>Al\u00e9m disso, a Sourtec possui especialistas no design e an\u00e1lise estrutural para estruturas\u00a0e materiais comp\u00f3sitos atrav\u00e9s do m\u00e9todo dos elementos finitos, procurando\u00a0proporcionar-lhe uma maior confiabilidade e seguran\u00e7a para sua estrutura quando\u00a0submetida a carregamentos extremos e complexos. Isto ir\u00e1 permitir que voc\u00ea extraia a\u00a0melhor performance do seu comp\u00f3sito: alta resist\u00eancia e rigidez, baixo peso e baixa\u00a0susceptibilidade \u00e0 fadiga e corros\u00e3o.<\/p>\n<p>&nbsp;<\/p>\n","protected":false},"excerpt":{"rendered":"<p>Sourtec \u00e9 uma empresa bem equipada oferecendo uma vasta gama de servi\u00e7os de ensaio e avalia\u00e7\u00e3o para estruturas e materiais comp\u00f3sitos, desde pequena escala at\u00e9 estruturas em escala real. N\u00f3s estamos comprometidos com a certifica\u00e7\u00e3o e teste deste promissor\u00a0material e,<\/p>\n","protected":false},"author":1,"featured_media":0,"parent":0,"menu_order":0,"comment_status":"closed","ping_status":"closed","template":"","meta":[],"_links":{"self":[{"href":"http:\/\/sourtec.com\/site\/wp-json\/wp\/v2\/pages\/411"}],"collection":[{"href":"http:\/\/sourtec.com\/site\/wp-json\/wp\/v2\/pages"}],"about":[{"href":"http:\/\/sourtec.com\/site\/wp-json\/wp\/v2\/types\/page"}],"author":[{"embeddable":true,"href":"http:\/\/sourtec.com\/site\/wp-json\/wp\/v2\/users\/1"}],"replies":[{"embeddable":true,"href":"http:\/\/sourtec.com\/site\/wp-json\/wp\/v2\/comments?post=411"}],"version-history":[{"count":6,"href":"http:\/\/sourtec.com\/site\/wp-json\/wp\/v2\/pages\/411\/revisions"}],"predecessor-version":[{"id":553,"href":"http:\/\/sourtec.com\/site\/wp-json\/wp\/v2\/pages\/411\/revisions\/553"}],"wp:attachment":[{"href":"http:\/\/sourtec.com\/site\/wp-json\/wp\/v2\/media?parent=411"}],"curies":[{"name":"wp","href":"https:\/\/api.w.org\/{rel}","templated":true}]}}