{"id":26,"date":"2016-04-05T13:26:49","date_gmt":"2016-04-05T13:26:49","guid":{"rendered":"http:\/\/sourtec.genesis.co.nl\/?page_id=26"},"modified":"2016-09-19T21:35:11","modified_gmt":"2016-09-19T21:35:11","slug":"fale-conosco","status":"publish","type":"page","link":"http:\/\/sourtec.com\/site\/pt\/fale-conosco\/","title":{"rendered":"Fale Conosco"},"content":{"rendered":"<div id=\"pl-26\"  class=\"panel-layout\" ><div id=\"pg-26-0\"  class=\"panel-grid panel-no-style\" ><div id=\"pgc-26-0-0\"  class=\"panel-grid-cell\" ><div id=\"panel-26-0-0-0\" class=\"so-panel widget widget_sow-editor panel-first-child panel-last-child\" data-index=\"0\" ><div\n\t\t\t\n\t\t\tclass=\"so-widget-sow-editor so-widget-sow-editor-base\"\n\t\t\t\n\t\t>\n<div class=\"siteorigin-widget-tinymce textwidget\">\n\t<div style=\"font-size: 19px !important; color: #000;\">Envie sua solicita\u00e7\u00e3o de servi\u00e7os para o e-mail:<\/p>\n<div style=\"font-size: 20px !important;color: #0065b3;font-weight: 600;line-height: 0.5;\">comercial@sourtec.com<\/div>\n<\/div>\n<\/div>\n<\/div><\/div><\/div><\/div><div id=\"pg-26-1\"  class=\"panel-grid panel-no-style\" ><div id=\"pgc-26-1-0\"  class=\"panel-grid-cell\" ><div id=\"panel-26-1-0-0\" class=\"so-panel widget widget_sow-editor panel-first-child panel-last-child\" data-index=\"1\" ><div\n\t\t\t\n\t\t\tclass=\"so-widget-sow-editor so-widget-sow-editor-base\"\n\t\t\t\n\t\t>\n<div class=\"siteorigin-widget-tinymce textwidget\">\n\t\n<div class=\"wpcf7 no-js\" id=\"wpcf7-f107-o1\" lang=\"pt-BR\" dir=\"ltr\">\n<div class=\"screen-reader-response\"><p role=\"status\" aria-live=\"polite\" aria-atomic=\"true\"><\/p> <ul><\/ul><\/div>\n<form action=\"\/site\/wp-json\/wp\/v2\/pages\/26#wpcf7-f107-o1\" method=\"post\" class=\"wpcf7-form init\" aria-label=\"Formul\u00e1rios de contato\" novalidate=\"novalidate\" data-status=\"init\">\n<div style=\"display: none;\">\n<input type=\"hidden\" name=\"_wpcf7\" value=\"107\" \/>\n<input type=\"hidden\" name=\"_wpcf7_version\" value=\"5.7.7\" \/>\n<input type=\"hidden\" name=\"_wpcf7_locale\" value=\"pt_BR\" \/>\n<input type=\"hidden\" name=\"_wpcf7_unit_tag\" value=\"wpcf7-f107-o1\" \/>\n<input type=\"hidden\" name=\"_wpcf7_container_post\" value=\"0\" \/>\n<input type=\"hidden\" name=\"_wpcf7_posted_data_hash\" value=\"\" \/>\n<\/div>\n<p>Seu nome (obrigat\u00f3rio)\n<\/p>\n<p><span class=\"wpcf7-form-control-wrap\" data-name=\"your-name\"><input size=\"40\" class=\"wpcf7-form-control wpcf7-text wpcf7-validates-as-required\" aria-required=\"true\" aria-invalid=\"false\" value=\"\" type=\"text\" name=\"your-name\" \/><\/span>\n<\/p>\n<p>Seu e-mail (obrigat\u00f3rio)\n<\/p>\n<p><span class=\"wpcf7-form-control-wrap\" data-name=\"your-email\"><input size=\"40\" class=\"wpcf7-form-control wpcf7-text wpcf7-email wpcf7-validates-as-required wpcf7-validates-as-email\" aria-required=\"true\" aria-invalid=\"false\" value=\"\" type=\"email\" name=\"your-email\" \/><\/span>\n<\/p>\n<p>Assunto\n<\/p>\n<p><span class=\"wpcf7-form-control-wrap\" data-name=\"your-subject\"><input size=\"40\" class=\"wpcf7-form-control wpcf7-text\" aria-invalid=\"false\" value=\"\" type=\"text\" name=\"your-subject\" \/><\/span>\n<\/p>\n<p>Sua mensagem\n<\/p>\n<p><span class=\"wpcf7-form-control-wrap\" data-name=\"your-message\"><textarea cols=\"40\" rows=\"10\" class=\"wpcf7-form-control wpcf7-textarea\" aria-invalid=\"false\" name=\"your-message\"><\/textarea><\/span>\n<\/p>\n<p><input class=\"wpcf7-form-control has-spinner wpcf7-submit\" type=\"submit\" value=\"Enviar\" \/>\n<\/p><p style=\"display: none !important;\"><label>&#916;<textarea name=\"_wpcf7_ak_hp_textarea\" cols=\"45\" rows=\"8\" maxlength=\"100\"><\/textarea><\/label><input type=\"hidden\" id=\"ak_js_1\" name=\"_wpcf7_ak_js\" value=\"225\"\/><script>document.getElementById( \"ak_js_1\" ).setAttribute( \"value\", ( new Date() ).getTime() );<\/script><\/p><div class=\"wpcf7-response-output\" aria-hidden=\"true\"><\/div>\n<\/form>\n<\/div>\n\n<\/div>\n<\/div><\/div><\/div><div id=\"pgc-26-1-1\"  class=\"panel-grid-cell\" ><div id=\"panel-26-1-1-0\" class=\"so-panel widget widget_text panel-first-child panel-last-child\" data-index=\"2\" >\t\t\t<div class=\"textwidget\"><iframe src=\"https:\/\/www.google.com\/maps\/embed?pb=!1m18!1m12!1m3!1d2052.7330074322313!2d-51.05825585582922!3d-30.08640537035769!2m3!1f0!2f0!3f0!3m2!1i1024!2i768!4f13.1!3m3!1m2!1s0x95199ed9073fee45%3A0xac5d423431403803!2sR.+Sen.+Salgado+Filho%2C+7000+-+Jardim+Krahe%2C+Viam%C3%A3o+-+RS!5e0!3m2!1spt-BR!2sbr!4v1460051201349\" frameborder=\"0\" style=\"border:0\" allowfullscreen><\/iframe>\nAv. Senador Salgado Filho, 7000 sala 133 \u2013 Bairro Jardim Krahe<br\/>\nViam\u00e3o \u2013 Rio Grande do Sul \u2013 CEP 94435-000<\/br>\n+ 55 051 3492 4351 comercial@sourtec.com<\/div>\n\t\t<\/div><\/div><\/div><\/div>","protected":false},"excerpt":{"rendered":"<p>Envie sua solicita\u00e7\u00e3o de servi\u00e7os para o e-mail: comercial@sourtec.com Av. Senador Salgado Filho, 7000 sala 133 \u2013 Bairro Jardim Krahe Viam\u00e3o \u2013 Rio Grande do Sul \u2013 CEP 94435-000 + 55 051 3492 4351 comercial@sourtec.com<\/p>\n","protected":false},"author":1,"featured_media":0,"parent":0,"menu_order":0,"comment_status":"open","ping_status":"open","template":"","meta":[],"_links":{"self":[{"href":"http:\/\/sourtec.com\/site\/wp-json\/wp\/v2\/pages\/26"}],"collection":[{"href":"http:\/\/sourtec.com\/site\/wp-json\/wp\/v2\/pages"}],"about":[{"href":"http:\/\/sourtec.com\/site\/wp-json\/wp\/v2\/types\/page"}],"author":[{"embeddable":true,"href":"http:\/\/sourtec.com\/site\/wp-json\/wp\/v2\/users\/1"}],"replies":[{"embeddable":true,"href":"http:\/\/sourtec.com\/site\/wp-json\/wp\/v2\/comments?post=26"}],"version-history":[{"count":14,"href":"http:\/\/sourtec.com\/site\/wp-json\/wp\/v2\/pages\/26\/revisions"}],"predecessor-version":[{"id":522,"href":"http:\/\/sourtec.com\/site\/wp-json\/wp\/v2\/pages\/26\/revisions\/522"}],"wp:attachment":[{"href":"http:\/\/sourtec.com\/site\/wp-json\/wp\/v2\/media?parent=26"}],"curies":[{"name":"wp","href":"https:\/\/api.w.org\/{rel}","templated":true}]}}