{"id":2,"date":"2016-03-31T10:00:35","date_gmt":"2016-03-31T10:00:35","guid":{"rendered":"http:\/\/sourtec.genesis.co.nl\/?page_id=2"},"modified":"2018-03-28T14:19:03","modified_gmt":"2018-03-28T14:19:03","slug":"pagina-exemplo","status":"publish","type":"page","link":"http:\/\/sourtec.com\/site\/pt\/pagina-exemplo\/","title":{"rendered":"Home"},"content":{"rendered":"<div id=\"pl-2\"  class=\"panel-layout\" ><div id=\"pg-2-0\"  class=\"panel-grid panel-no-style\" ><div id=\"pgc-2-0-0\"  class=\"panel-grid-cell\" ><div id=\"panel-2-0-0-0\" class=\"so-panel widget widget_text panel-first-child panel-last-child\" data-index=\"0\" >\t\t\t<div class=\"textwidget\"><div class=\"so-panel widget widget_ample_service_widget widget_service_block panel-first-child\" id=\"panel-2-0-0-0\" data-index=\"0\">         <div class=\"services-header\">\n            <h3 class=\"widget-title\">O QUE FAZEMOS<\/h3>            <div class=\"services-main-description\">\n               <p>\n                  A Sourtec \u00e9 uma empresa criada para atender \u00e0s demandas provenientes das recentes descobertas de petr\u00f3leo na costa brasileira.<\/br> Nossa empresa est\u00e1 focada em testes de corros\u00e3o em ambientes com CO2 e H2S e cargas mec\u00e2nicas.\n               <\/p>\n                              \t\t<div class=\"wpsisac-slick-carousal-wrp wpsisac-clearfix \" data-conf=\"{&quot;slidestoshow&quot;:&quot;3&quot;,&quot;slidestoscroll&quot;:1,&quot;dots&quot;:&quot;true&quot;,&quot;arrows&quot;:&quot;true&quot;,&quot;autoplay&quot;:&quot;true&quot;,&quot;autoplay_interval&quot;:3000,&quot;speed&quot;:300,&quot;rtl&quot;:&quot;false&quot;,&quot;centermode&quot;:&quot;true&quot;,&quot;lazyload&quot;:&quot;&quot;,&quot;variablewidth&quot;:&quot;false&quot;,&quot;loop&quot;:&quot;true&quot;,&quot;hover_pause&quot;:&quot;true&quot;}\">\r\t\t\t<div id=\"wpsisac-slick-carousal-1\" class=\"wpsisac-slick-init wpsisac-slick-carousal design-1  wpsisac-center\">\r\r\t\t\t\t<div class=\"wpsisac-image-slide\">\r\t\t\t<div class=\"wpsisac-image-slide-wrap\" style=\"\">\r\t\t\t<img  src=\"http:\/\/sourtec.com\/site\/wp-content\/uploads\/2018\/04\/FabianoPanizzi_20160603_01_0064.jpg\" alt=\"Home Slider 9\" \/>\r\t\t<\/div>\r\t<\/div><div class=\"wpsisac-image-slide\">\r\t\t\t<div class=\"wpsisac-image-slide-wrap\" style=\"\">\r\t\t\t<img  src=\"http:\/\/sourtec.com\/site\/wp-content\/uploads\/2018\/04\/FabianoPanizzi_20160603_01_0050.jpg\" alt=\"Home Slider 8\" \/>\r\t\t<\/div>\r\t<\/div><div class=\"wpsisac-image-slide\">\r\t\t\t<div class=\"wpsisac-image-slide-wrap\" style=\"\">\r\t\t\t<img  src=\"http:\/\/sourtec.com\/site\/wp-content\/uploads\/2018\/04\/FabianoPanizzi_20160603_01_0030.jpg\" alt=\"Home Slider 7\" \/>\r\t\t<\/div>\r\t<\/div><div class=\"wpsisac-image-slide\">\r\t\t\t<div class=\"wpsisac-image-slide-wrap\" style=\"\">\r\t\t\t<img  src=\"http:\/\/sourtec.com\/site\/wp-content\/uploads\/2018\/04\/FabianoPanizzi_20160603_01_0025.jpg\" alt=\"Home Slider 6\" \/>\r\t\t<\/div>\r\t<\/div><div class=\"wpsisac-image-slide\">\r\t\t\t<div class=\"wpsisac-image-slide-wrap\" style=\"\">\r\t\t\t<img  src=\"http:\/\/sourtec.com\/site\/wp-content\/uploads\/2018\/04\/FabianoPanizzi_20160603_01_0023.jpg\" alt=\"Home Slider 5\" \/>\r\t\t<\/div>\r\t<\/div><div class=\"wpsisac-image-slide\">\r\t\t\t<div class=\"wpsisac-image-slide-wrap\" style=\"\">\r\t\t\t<img  src=\"http:\/\/sourtec.com\/site\/wp-content\/uploads\/2018\/03\/FabianoPanizzi_20160603_01_0022.jpg\" alt=\"Home Slider 4\" \/>\r\t\t<\/div>\r\t<\/div><div class=\"wpsisac-image-slide\">\r\t\t\t<div class=\"wpsisac-image-slide-wrap\" style=\"\">\r\t\t\t<img  src=\"http:\/\/sourtec.com\/site\/wp-content\/uploads\/2018\/03\/FabianoPanizzi_20160603_01_0019.jpg\" alt=\"Home Slider 3\" \/>\r\t\t<\/div>\r\t<\/div><div class=\"wpsisac-image-slide\">\r\t\t\t<div class=\"wpsisac-image-slide-wrap\" style=\"\">\r\t\t\t<img  src=\"http:\/\/sourtec.com\/site\/wp-content\/uploads\/2018\/03\/FabianoPanizzi_20160603_01_0012.jpg\" alt=\"Home Slider 2\" \/>\r\t\t<\/div>\r\t<\/div>\r\t\t\t<\/div>\r\t\t<\/div>\r\t\n                           <\/div>\n         <\/div>\n            <\/div><\/div>\n\t\t<\/div><\/div><\/div><div id=\"pg-2-1\"  class=\"panel-grid panel-has-style\" ><div class=\"siteorigin-panels-stretch panel-row-style panel-row-style-for-2-1\" data-stretch-type=\"full-stretched\" ><div id=\"pgc-2-1-0\"  class=\"panel-grid-cell panel-grid-cell-empty\" ><\/div><div id=\"pgc-2-1-1\"  class=\"panel-grid-cell\" ><div id=\"panel-2-1-1-0\" class=\"so-panel widget widget_text panel-first-child panel-last-child\" data-index=\"1\" >\t\t\t<div class=\"textwidget\"><p><a href =\"http:\/\/sourtec.com\/pt\/testes-de-corrosao-fadiga-corrosion-fatigue-tests\/\"> <\/p>\n<p style=\"text-align: center;\"><img src=\"http:\/\/sourtec.com\/site\/wp-content\/uploads\/2016\/06\/01_teste_de_corrosao_fadiga_servicos.png\" alt=\"Smiley face\" height=\"161\" width=\"161\"><br \/>\n<b>Teste de Corros\u00e3o \/ Fadiga<\/b><\/p>\n<p style=\"text-align: center;\">A Sourtec possui experi\u00eancia em testes de corros\u00e3o fadiga, armaduras sint\u00e9ticas de risers flex\u00edveis tanto sob \u00e1gua do mar quanto sob press\u00e3o de CO2\/H2S.<\/p>\n<p><\/a><\/p>\n<\/div>\n\t\t<\/div><\/div><div id=\"pgc-2-1-2\"  class=\"panel-grid-cell\" ><div id=\"panel-2-1-2-0\" class=\"so-panel widget widget_text panel-first-child panel-last-child\" data-index=\"2\" >\t\t\t<div class=\"textwidget\"><p><a href =\"http:\/\/sourtec.com\/pt\/testes-de-fadiga-fatigue-tests\/\"> <\/p>\n<p style=\"text-align: center;\">\n<p style=\"text-align: center;\"><img src=\"http:\/\/sourtec.com\/site\/wp-content\/uploads\/2016\/06\/02_testes_de_fadiga_ar_servicos.png\" alt=\"Smiley face\" height=\"161\" width=\"161\"><br \/>\n<b>Testes de Fadiga<\/b><\/p>\n<p style=\"text-align: center;\">A Sourtec tamb\u00e9m realiza testes em armaduras de risers flex\u00edveis e arames de umbilicais ao ar.<\/p>\n<\/p>\n<p><\/a><\/p>\n<\/div>\n\t\t<\/div><\/div><div id=\"pgc-2-1-3\"  class=\"panel-grid-cell\" ><div id=\"panel-2-1-3-0\" class=\"so-panel widget widget_text panel-first-child panel-last-child\" data-index=\"3\" >\t\t\t<div class=\"textwidget\"><p><a href =\"http:\/\/sourtec.com\/pt\/testes-nace-nace-tests\/\"> <\/p>\n<p style=\"text-align: center;\"><img src=\"http:\/\/sourtec.com\/site\/wp-content\/uploads\/2016\/06\/03_testes_NACE_servicos.png\" alt=\"Smiley face\" height=\"161\" width=\"161\"><br \/>\n<b>Testes NACE<\/b><\/p>\n<p style=\"text-align: center;\">A Sourtec realiza testes NACE como os testes de HIC e SSCC, incluindo os m\u00e9todos A e B <\/p>\n<\/p>\n<p><\/a><\/p>\n<\/div>\n\t\t<\/div><\/div><div id=\"pgc-2-1-4\"  class=\"panel-grid-cell\" ><div id=\"panel-2-1-4-0\" class=\"so-panel widget widget_text panel-first-child panel-last-child\" data-index=\"4\" >\t\t\t<div class=\"textwidget\"><p><a href =\"http:\/\/sourtec.com\/pt\/testes-sob-pressoes-elevadas-em-meio-corrosivo\/\"> <\/p>\n<p style=\"text-align: center;\"><img src=\"http:\/\/sourtec.com\/site\/wp-content\/uploads\/2016\/06\/04_meio_corrosivo.png\" alt=\"Smiley face\" height=\"161\" width=\"161\"><br \/>\n<b>Testes sob Press\u00f5es Elevadas em Meio Corrosivo<\/b><\/p>\n<p style=\"text-align: center;\">Testes em escala real e reduzida, nos quais press\u00f5es elevadas<\/p>\n<\/p>\n<p><\/a><\/p>\n<\/div>\n\t\t<\/div><\/div><div id=\"pgc-2-1-5\"  class=\"panel-grid-cell panel-grid-cell-mobile-last\" ><div id=\"panel-2-1-5-0\" class=\"so-panel widget widget_text panel-first-child panel-last-child\" data-index=\"5\" >\t\t\t<div class=\"textwidget\"><p><a href =\"http:\/\/sourtec.com\/pt\/analise-metalurgica\/\"><\/p>\n<p style=\"text-align: center;\"><img src=\"http:\/\/sourtec.com\/site\/wp-content\/uploads\/2016\/06\/05_analise_metalurgica_servicos.png\" alt=\"Smiley face\" height=\"161\" width=\"161\"><br \/>\n<b>An\u00e1lise Metal\u00fargica <\/b><\/p>\n<p style=\"text-align: center;\">Realizamos caracteriza\u00e7\u00f5es metal\u00fargicas e an\u00e1lises requeridas para a avalia\u00e7\u00e3o de materiais met\u00e1licos.<\/p>\n<\/p>\n<p><\/a><\/p>\n<\/div>\n\t\t<\/div><\/div><div id=\"pgc-2-1-6\"  class=\"panel-grid-cell panel-grid-cell-empty\" ><\/div><\/div><\/div><\/div>","protected":false},"excerpt":{"rendered":"<p>O QUE FAZEMOS A Sourtec \u00e9 uma empresa criada para atender \u00e0s demandas provenientes das recentes descobertas de petr\u00f3leo na costa brasileira. Nossa empresa est\u00e1 focada em testes de corros\u00e3o em ambientes com CO2 e H2S e cargas mec\u00e2nicas. Teste<\/p>\n","protected":false},"author":1,"featured_media":0,"parent":0,"menu_order":0,"comment_status":"open","ping_status":"open","template":"","meta":[],"_links":{"self":[{"href":"http:\/\/sourtec.com\/site\/wp-json\/wp\/v2\/pages\/2"}],"collection":[{"href":"http:\/\/sourtec.com\/site\/wp-json\/wp\/v2\/pages"}],"about":[{"href":"http:\/\/sourtec.com\/site\/wp-json\/wp\/v2\/types\/page"}],"author":[{"embeddable":true,"href":"http:\/\/sourtec.com\/site\/wp-json\/wp\/v2\/users\/1"}],"replies":[{"embeddable":true,"href":"http:\/\/sourtec.com\/site\/wp-json\/wp\/v2\/comments?post=2"}],"version-history":[{"count":74,"href":"http:\/\/sourtec.com\/site\/wp-json\/wp\/v2\/pages\/2\/revisions"}],"predecessor-version":[{"id":662,"href":"http:\/\/sourtec.com\/site\/wp-json\/wp\/v2\/pages\/2\/revisions\/662"}],"wp:attachment":[{"href":"http:\/\/sourtec.com\/site\/wp-json\/wp\/v2\/media?parent=2"}],"curies":[{"name":"wp","href":"https:\/\/api.w.org\/{rel}","templated":true}]}}