{"id":16,"date":"2016-04-05T13:25:46","date_gmt":"2016-04-05T13:25:46","guid":{"rendered":"http:\/\/sourtec.genesis.co.nl\/?page_id=16"},"modified":"2016-04-25T13:23:48","modified_gmt":"2016-04-25T13:23:48","slug":"o-que-fazemos","status":"publish","type":"page","link":"http:\/\/sourtec.com\/site\/o-que-fazemos\/","title":{"rendered":"O que fazemos"},"content":{"rendered":"<p><a href=\"http:\/\/sourtec.genesis.co.nl\/wp-content\/uploads\/2016\/04\/IMG_7313.png\" rel=\"attachment wp-att-116\"><img decoding=\"async\" loading=\"lazy\" class=\"size-medium wp-image-116 alignleft\" src=\"http:\/\/sourtec.genesis.co.nl\/wp-content\/uploads\/2016\/04\/IMG_7313-300x225.png\" alt=\"IMG_7313\" width=\"300\" height=\"225\" srcset=\"http:\/\/sourtec.com\/site\/wp-content\/uploads\/2016\/04\/IMG_7313-300x225.png 300w, http:\/\/sourtec.com\/site\/wp-content\/uploads\/2016\/04\/IMG_7313-768x576.png 768w, http:\/\/sourtec.com\/site\/wp-content\/uploads\/2016\/04\/IMG_7313-1024x768.png 1024w, http:\/\/sourtec.com\/site\/wp-content\/uploads\/2016\/04\/IMG_7313.png 1600w\" sizes=\"(max-width: 300px) 100vw, 300px\" \/><\/a>Sourtec \u00e9 uma empresa criada para atender \u00e0s demandas provenientes das recentes descobertas de petr\u00f3leo na costa brasileira. Nossa empresa est\u00e1 focada em testes de corros\u00e3o em ambientes com CO2 e H2S e cargas mec\u00e2nicas .<\/p>\n<p>Sourtec is a company created due to demands coming from the recents discoveries of oil in Brazilian coast. Our Company is focused on corrosion tests under environments with CO2 and H2S and mechanical loads.<\/p>\n<p>&nbsp;<\/p>\n<p><!--A Sourtec \u00e9 uma empresa dedicada a unir a capacidade t\u00e9cnica \u00e0s demandas de testes de qualifica\u00e7\u00e3o de materiais em meios corrosivos, com foco na Ind\u00fastria de \u00d3leo & G\u00e1s. Somos uma empresa brasileira, originada principalmente pela conjun\u00e7\u00e3o de experi\u00eancia, capacidade t\u00e9cnica em testes com H2S e novas descobertas de petr\u00f3leo na regi\u00e3o do Pr\u00e9-Sal. Teste de Corros\u00e3o fadiga \/ Corrosion fatigue tests \u00a0Testes de Fadiga \/ Fatigue Tests Testes NACE \/ NACE Tests Testes sob Press\u00f5es Elevadas em Meio Corrosivo \/ Special Tests under High Pressure and Corrosive Environments \u00a0An\u00e1lise Metal\u00fargica \/ Metalurgical Analysis.--><\/p>\n","protected":false},"excerpt":{"rendered":"<p>Sourtec \u00e9 uma empresa criada para atender \u00e0s demandas provenientes das recentes descobertas de petr\u00f3leo na costa brasileira. Nossa empresa est\u00e1 focada em testes de corros\u00e3o em ambientes com CO2 e H2S e cargas mec\u00e2nicas . Sourtec is a company<\/p>\n","protected":false},"author":1,"featured_media":0,"parent":0,"menu_order":0,"comment_status":"open","ping_status":"open","template":"","meta":[],"_links":{"self":[{"href":"http:\/\/sourtec.com\/site\/wp-json\/wp\/v2\/pages\/16"}],"collection":[{"href":"http:\/\/sourtec.com\/site\/wp-json\/wp\/v2\/pages"}],"about":[{"href":"http:\/\/sourtec.com\/site\/wp-json\/wp\/v2\/types\/page"}],"author":[{"embeddable":true,"href":"http:\/\/sourtec.com\/site\/wp-json\/wp\/v2\/users\/1"}],"replies":[{"embeddable":true,"href":"http:\/\/sourtec.com\/site\/wp-json\/wp\/v2\/comments?post=16"}],"version-history":[{"count":23,"href":"http:\/\/sourtec.com\/site\/wp-json\/wp\/v2\/pages\/16\/revisions"}],"predecessor-version":[{"id":261,"href":"http:\/\/sourtec.com\/site\/wp-json\/wp\/v2\/pages\/16\/revisions\/261"}],"wp:attachment":[{"href":"http:\/\/sourtec.com\/site\/wp-json\/wp\/v2\/media?parent=16"}],"curies":[{"name":"wp","href":"https:\/\/api.w.org\/{rel}","templated":true}]}}