{"id":145,"date":"2016-04-08T14:33:51","date_gmt":"2016-04-08T14:33:51","guid":{"rendered":"http:\/\/sourtec.genesis.co.nl\/?page_id=145"},"modified":"2016-06-20T13:01:03","modified_gmt":"2016-06-20T13:01:03","slug":"testes-tipo-nace","status":"publish","type":"page","link":"http:\/\/sourtec.com\/site\/testes-tipo-nace\/","title":{"rendered":"Testes tipo NACE"},"content":{"rendered":"<p><a href=\"http:\/\/sourtec.genesis.co.nl\/wp-content\/uploads\/2016\/04\/banner-teste-NACE2.png\" rel=\"attachment wp-att-441\"><img decoding=\"async\" loading=\"lazy\" class=\"alignnone size-full wp-image-441\" src=\"http:\/\/sourtec.genesis.co.nl\/wp-content\/uploads\/2016\/04\/banner-teste-NACE2.png\" alt=\"banner-teste-NACE2\" width=\"1100\" height=\"160\" srcset=\"http:\/\/sourtec.com\/site\/wp-content\/uploads\/2016\/04\/banner-teste-NACE2.png 1100w, http:\/\/sourtec.com\/site\/wp-content\/uploads\/2016\/04\/banner-teste-NACE2-300x44.png 300w, http:\/\/sourtec.com\/site\/wp-content\/uploads\/2016\/04\/banner-teste-NACE2-768x112.png 768w, http:\/\/sourtec.com\/site\/wp-content\/uploads\/2016\/04\/banner-teste-NACE2-1024x149.png 1024w\" sizes=\"(max-width: 1100px) 100vw, 1100px\" \/><\/a><\/p>\n<p>A Sourtec realiza testes que avaliam a susceptibilidade dos materiais frente ao fen\u00f4meno de<em>Environmental Cracking <\/em>(EC) e <em>Hydrogen Induced Cracking<\/em> (HIC). O EC agrupa tr\u00eas sub fen\u00f4menos que s\u00e3o o Sulfide Stress Cracking (SSC), o <em>Stress Corrosion Cracking<\/em> (SCC) e o<em>Hydrogen Stress Cracking<\/em> (HSC). J\u00e1 o HIC engloba pelo menos os seguintes sub fen\u00f4menos:<em>Stepwise Cracking<\/em> (SWC), <em>Hydrogen Pressure Cracking<\/em>, <em>Blister Cracking<\/em> e <em>Hydrogen-induced Stepwise Cracking<\/em>.<\/p>\n<p>Os principais m\u00e9todos de ensaio realizados pela Sourtec para avalia\u00e7\u00e3o dos materiais frente ao EC e ao HIC correspondem ao M\u00e9todo A (tensile test), M\u00e9todo B (bent-beam test) com dispositivos de flex\u00e3o a 3 e 4 pontos e M\u00e9todo C (C-Ring test) todos referenciados \u00e0 NACE TM0177 e testes de HIC conforme NACE TM0284. Outras metodologias podem ser avaliadas e desenvolvidas conforme procedimentos e necessidades espec\u00edficas do cliente.<\/p>\n<p>A Sourtec tem capacidade para avaliar a susceptibilidade dos materiais em diversos meios, sendo os mais caracter\u00edsticos as solu\u00e7\u00f5es A, B e C da norma NACE TM0177 e Solu\u00e7\u00f5es A, B e \u00e1gua do mar sint\u00e9tica da norma NACE TM0284, bem como solu\u00e7\u00f5es contendo altas concentra\u00e7\u00f5es de Cl<sup>&#8211;<\/sup> (130.000 ppm por exemplo). Os gases de trabalho podem variar sua composi\u00e7\u00e3o conforme demanda do cliente sendo a faixa de trabalho de poucas partes por milh\u00e3o (ppm) de Sulfeto de Hidrog\u00eanio (H<sub>2<\/sub>S) balan\u00e7o Di\u00f3xido de Carbono (CO<sub>2<\/sub>) at\u00e9 100% de H<sub>2<\/sub>S.<\/p>\n<p>Os dispositivos e c\u00e9lulas de ensaio utilizadas pela Sourtec s\u00e3o todos em corpo met\u00e1lico com revestimento interno met\u00e1lico (Hastelloy) ou polim\u00e9rico (PFA) ambos resistentes aos meios e press\u00f5es de trabalho. As c\u00e9lulas de ensaio possuem volumes internos que variam desde 4 Litros at\u00e9 35 Litros o que possibilita realizar v\u00e1rios ensaios em uma mesma c\u00e9lula mesmo para corpos de prova de grandes dimens\u00f5es.<\/p>\n<p>A Sourtec n\u00e3o se limita a realizar ensaios somente conforme as normas, mas tamb\u00e9m busca desenvolver junto com seus clientes ensaios que os atendam na avalia\u00e7\u00e3o de seus produtos\/materiais. Para tanto, ela disp\u00f5em de um corpo t\u00e9cnico de engenheiros, mestres e doutorandos em ci\u00eancia e tecnologia dos materiais com v\u00e1rios anos de experi\u00eancia na \u00e1rea de ensaios voltados ao segmento off-shore.<\/p>\n<p>&nbsp;<\/p>\n<p>&nbsp;<\/p>\n<p>&nbsp;<\/p>\n","protected":false},"excerpt":{"rendered":"<p>A Sourtec realiza testes que avaliam a susceptibilidade dos materiais frente ao fen\u00f4meno deEnvironmental Cracking (EC) e Hydrogen Induced Cracking (HIC). O EC agrupa tr\u00eas sub fen\u00f4menos que s\u00e3o o Sulfide Stress Cracking (SSC), o Stress Corrosion Cracking (SCC) e<\/p>\n","protected":false},"author":1,"featured_media":0,"parent":0,"menu_order":0,"comment_status":"closed","ping_status":"closed","template":"","meta":[],"_links":{"self":[{"href":"http:\/\/sourtec.com\/site\/wp-json\/wp\/v2\/pages\/145"}],"collection":[{"href":"http:\/\/sourtec.com\/site\/wp-json\/wp\/v2\/pages"}],"about":[{"href":"http:\/\/sourtec.com\/site\/wp-json\/wp\/v2\/types\/page"}],"author":[{"embeddable":true,"href":"http:\/\/sourtec.com\/site\/wp-json\/wp\/v2\/users\/1"}],"replies":[{"embeddable":true,"href":"http:\/\/sourtec.com\/site\/wp-json\/wp\/v2\/comments?post=145"}],"version-history":[{"count":5,"href":"http:\/\/sourtec.com\/site\/wp-json\/wp\/v2\/pages\/145\/revisions"}],"predecessor-version":[{"id":453,"href":"http:\/\/sourtec.com\/site\/wp-json\/wp\/v2\/pages\/145\/revisions\/453"}],"wp:attachment":[{"href":"http:\/\/sourtec.com\/site\/wp-json\/wp\/v2\/media?parent=145"}],"curies":[{"name":"wp","href":"https:\/\/api.w.org\/{rel}","templated":true}]}}