{"id":14,"date":"2016-04-05T13:25:18","date_gmt":"2016-04-05T13:25:18","guid":{"rendered":"http:\/\/sourtec.genesis.co.nl\/?page_id=14"},"modified":"2021-03-04T19:05:02","modified_gmt":"2021-03-04T19:05:02","slug":"empresa","status":"publish","type":"page","link":"http:\/\/sourtec.com\/site\/pt\/empresa\/","title":{"rendered":"Empresa"},"content":{"rendered":"<p>&nbsp;<\/p>\n<p><img decoding=\"async\" loading=\"lazy\" class=\"wp-image-450 alignleft\" src=\"http:\/\/sourtec.genesis.co.nl\/wp-content\/uploads\/2016\/04\/Empresa.jpg\" sizes=\"(max-width: 530px) 100vw, 530px\" srcset=\"http:\/\/sourtec.com\/site\/wp-content\/uploads\/2016\/04\/Empresa.jpg 1500w, http:\/\/sourtec.com\/site\/wp-content\/uploads\/2016\/04\/Empresa-300x200.jpg 300w, http:\/\/sourtec.com\/site\/wp-content\/uploads\/2016\/04\/Empresa-768x513.jpg 768w, http:\/\/sourtec.com\/site\/wp-content\/uploads\/2016\/04\/Empresa-1024x683.jpg 1024w, http:\/\/sourtec.com\/site\/wp-content\/uploads\/2016\/04\/Empresa-272x182.jpg 272w\" alt=\"Empresa\" width=\"530\" height=\"353\" \/>A Sourtec \u00e9 uma empresa dedicada a unir a capacidade t\u00e9cnica \u00e0s demandas de testes de qualifica\u00e7\u00e3o de materiais em meios corrosivos, com foco na Ind\u00fastria de \u00d3leo &amp; G\u00e1s. Somos uma empresa brasileira, originada principalmente pela conjun\u00e7\u00e3o de experi\u00eancia, capacidade t\u00e9cnica em testes com H<sub>2<\/sub>S e novas descobertas de petr\u00f3leo na regi\u00e3o do Pr\u00e9-Sal.<\/p>\n<p>Criada em 2010 , o corpo t\u00e9cnico da Sourtec conta com engenheiros p\u00f3s-graduados na referida universidade e que desenvolveram em suas vidas profissionais diversos trabalhos na \u00e1rea de pesquisa e desenvolvimento em qualifica\u00e7\u00e3o de<em>risers<\/em> flex\u00edveis em meios corrosivos, atuando principalmente em testes com H<sub>2<\/sub>S e CO<sub>2<\/sub> para a Petrobras a partir de 2003.<\/p>\n<p>Atualmente a Sourtec est\u00e1 localizada no Parque Tecnol\u00f3gico da Pontif\u00edcia Universidade Cat\u00f3lica, o TECNOPUC.<\/p>\n<p>A Sourtec objetiva fornecer seus servi\u00e7os com efici\u00eancia, comprometimento e qualidade, pois sabe da relev\u00e2ncia e da responsabilidade que eles representam no mercado.<img decoding=\"async\" loading=\"lazy\" class=\"size-full wp-image-401 alignright\" src=\"http:\/\/sourtec.genesis.co.nl\/wp-content\/uploads\/2016\/04\/Poligono-Pre-sal.png\" sizes=\"(max-width: 438px) 100vw, 438px\" srcset=\"http:\/\/sourtec.com\/site\/wp-content\/uploads\/2016\/04\/Poligono-Pre-sal.png 438w, http:\/\/sourtec.com\/site\/wp-content\/uploads\/2016\/04\/Poligono-Pre-sal-300x242.png 300w\" alt=\"Poligono-Pre-sal\" width=\"438\" height=\"353\" \/><\/p>\n<p>A Sourtec trabalha hoje principalmente com empresas fornecedoras de <em>risers<\/em> para a Petrobras.<\/p>\n<p>&#8220;A Sourtec est\u00e1 instalada no Parque Tecnol\u00f3gico da PUC-RS, em Viam\u00e3o, fazendo parte de uma das maiores universidades do Pa\u00eds. O Tecnopuc-Viam\u00e3o conta com uma \u00e1rea de 15 hectares e 33 mil metros\u00b2 de \u00e1rea constru\u00edda. A Sourtec no Tecnopuc possui ampla possibilidade de expans\u00e3o&#8221;.<\/p>\n<h5 style=\"color: #0065b3; border-bottom: 1px solid #70BE44; margin-bottom: 20px;\">POL\u00cdTICA DA QUALIDADE<\/h5>\n<p>Prestar servi\u00e7os em engenharia de corros\u00e3o e an\u00e1lise de materiais, atendendo as necessidades dos clientes e buscando a melhoria cont\u00ednua dos seus processos, por meio do envolvimento de todos os colaboradores e do comprometimento da Alta Dire\u00e7\u00e3o com a efic\u00e1cia dos resultados dos servi\u00e7os realizados.<\/p>\n<p>Vers\u00e3o 2 &#8211; 12\/04\/2017<\/p>\n<h5 style=\"color: #0065b3; border-bottom: 1px solid #70BE44; margin-bottom: 20px;\">MISS\u00c3O<\/h5>\n<p>Oferecer servi\u00e7os de pesquisa e qualifica\u00e7\u00e3o de materiais em ambientes\u00a0corrosivos, com foco na ind\u00fastria de explora\u00e7\u00e3o de petr\u00f3leo, g\u00e1s e\u00a0energia, maximizando valor para clientes e equipe.<\/p>\n<h5 style=\"color: #0065b3; border-bottom: 1px solid #70BE44; margin-bottom: 20px;\">VIS\u00c3O SOURTEC<\/h5>\n<p>Ser empresa de refer\u00eancia no Brasil em ensaios mec\u00e2nicos associados a ambientes corrosivos, com foco na cadeia industrial de \u00f3leo, g\u00e1s e energia.<\/p>\n<h5 style=\"color: #0065b3; border-bottom: 1px solid #70BE44; margin-bottom: 20px;\">VALORES DA SOURTEC<\/h5>\n<ul>\n<li>\n<p align=\"left\">Comprometimento<\/p>\n<\/li>\n<li>\n<p align=\"left\">Confiabilidade<\/p>\n<\/li>\n<li>\n<p align=\"left\">Confidencialidade<\/p>\n<\/li>\n<li>\n<p align=\"left\">\u00c9tica<\/p>\n<\/li>\n<li>\n<p align=\"left\">Inova\u00e7\u00e3o<\/p>\n<\/li>\n<li>\n<p align=\"left\">Qualidade T\u00e9cnica<\/p>\n<\/li>\n<li>\n<p align=\"left\">Rentabilidade<\/p>\n<\/li>\n<li>\n<p align=\"left\">Respeito<\/p>\n<\/li>\n<li>\n<p align=\"left\">Seguran\u00e7a<\/p>\n<\/li>\n<li>\n<p align=\"left\">Trabalho em Equipe<\/p>\n<\/li>\n<\/ul>\n","protected":false},"excerpt":{"rendered":"<p>&nbsp; A Sourtec \u00e9 uma empresa dedicada a unir a capacidade t\u00e9cnica \u00e0s demandas de testes de qualifica\u00e7\u00e3o de materiais em meios corrosivos, com foco na Ind\u00fastria de \u00d3leo &amp; G\u00e1s. Somos uma empresa brasileira, originada principalmente pela conjun\u00e7\u00e3o de<\/p>\n","protected":false},"author":1,"featured_media":0,"parent":0,"menu_order":0,"comment_status":"open","ping_status":"open","template":"","meta":[],"_links":{"self":[{"href":"http:\/\/sourtec.com\/site\/wp-json\/wp\/v2\/pages\/14"}],"collection":[{"href":"http:\/\/sourtec.com\/site\/wp-json\/wp\/v2\/pages"}],"about":[{"href":"http:\/\/sourtec.com\/site\/wp-json\/wp\/v2\/types\/page"}],"author":[{"embeddable":true,"href":"http:\/\/sourtec.com\/site\/wp-json\/wp\/v2\/users\/1"}],"replies":[{"embeddable":true,"href":"http:\/\/sourtec.com\/site\/wp-json\/wp\/v2\/comments?post=14"}],"version-history":[{"count":33,"href":"http:\/\/sourtec.com\/site\/wp-json\/wp\/v2\/pages\/14\/revisions"}],"predecessor-version":[{"id":751,"href":"http:\/\/sourtec.com\/site\/wp-json\/wp\/v2\/pages\/14\/revisions\/751"}],"wp:attachment":[{"href":"http:\/\/sourtec.com\/site\/wp-json\/wp\/v2\/media?parent=14"}],"curies":[{"name":"wp","href":"https:\/\/api.w.org\/{rel}","templated":true}]}}