{"id":131,"date":"2016-04-08T13:49:20","date_gmt":"2016-04-08T13:49:20","guid":{"rendered":"http:\/\/sourtec.genesis.co.nl\/?page_id=131"},"modified":"2016-09-19T21:12:54","modified_gmt":"2016-09-19T21:12:54","slug":"analise-metalurgica","status":"publish","type":"page","link":"http:\/\/sourtec.com\/site\/pt\/analise-metalurgica\/","title":{"rendered":"An\u00e1lise Metal\u00fargica"},"content":{"rendered":"<p><a href=\"http:\/\/sourtec.genesis.co.nl\/wp-content\/uploads\/2016\/04\/banner-analise-metalurgica-1.png\" rel=\"attachment wp-att-435\"><img decoding=\"async\" loading=\"lazy\" class=\"alignnone size-full wp-image-435\" src=\"http:\/\/sourtec.genesis.co.nl\/wp-content\/uploads\/2016\/04\/banner-analise-metalurgica-1.png\" alt=\"banner-analise-metalurgica\" width=\"1100\" height=\"160\" srcset=\"http:\/\/sourtec.com\/site\/wp-content\/uploads\/2016\/04\/banner-analise-metalurgica-1.png 1100w, http:\/\/sourtec.com\/site\/wp-content\/uploads\/2016\/04\/banner-analise-metalurgica-1-300x44.png 300w, http:\/\/sourtec.com\/site\/wp-content\/uploads\/2016\/04\/banner-analise-metalurgica-1-768x112.png 768w, http:\/\/sourtec.com\/site\/wp-content\/uploads\/2016\/04\/banner-analise-metalurgica-1-1024x149.png 1024w\" sizes=\"(max-width: 1100px) 100vw, 1100px\" \/><\/a><br \/>\nRealizamos caracteriza\u00e7\u00f5es metal\u00fargicas e an\u00e1lises requeridas para a avalia\u00e7\u00e3o de materiais met\u00e1licos. Os engenheiros metal\u00fargicos da Sourtec possuem experi\u00eancia em an\u00e1lise de diversos tipos de ligas especiais utilizadas pela ind\u00fastria <em>offshore<\/em>.<\/p>\n<p>&nbsp;<\/p>\n<p>&nbsp;<\/p>\n<p>&nbsp;<\/p>\n<p>&nbsp;<\/p>\n<p>&nbsp;<\/p>\n<p>&nbsp;<\/p>\n<p>&nbsp;<\/p>\n","protected":false},"excerpt":{"rendered":"<p>Realizamos caracteriza\u00e7\u00f5es metal\u00fargicas e an\u00e1lises requeridas para a avalia\u00e7\u00e3o de materiais met\u00e1licos. Os engenheiros metal\u00fargicos da Sourtec possuem experi\u00eancia em an\u00e1lise de diversos tipos de ligas especiais utilizadas pela ind\u00fastria offshore. &nbsp; &nbsp; &nbsp; &nbsp; &nbsp; &nbsp; &nbsp;<\/p>\n","protected":false},"author":1,"featured_media":0,"parent":0,"menu_order":0,"comment_status":"closed","ping_status":"closed","template":"","meta":[],"_links":{"self":[{"href":"http:\/\/sourtec.com\/site\/wp-json\/wp\/v2\/pages\/131"}],"collection":[{"href":"http:\/\/sourtec.com\/site\/wp-json\/wp\/v2\/pages"}],"about":[{"href":"http:\/\/sourtec.com\/site\/wp-json\/wp\/v2\/types\/page"}],"author":[{"embeddable":true,"href":"http:\/\/sourtec.com\/site\/wp-json\/wp\/v2\/users\/1"}],"replies":[{"embeddable":true,"href":"http:\/\/sourtec.com\/site\/wp-json\/wp\/v2\/comments?post=131"}],"version-history":[{"count":9,"href":"http:\/\/sourtec.com\/site\/wp-json\/wp\/v2\/pages\/131\/revisions"}],"predecessor-version":[{"id":436,"href":"http:\/\/sourtec.com\/site\/wp-json\/wp\/v2\/pages\/131\/revisions\/436"}],"wp:attachment":[{"href":"http:\/\/sourtec.com\/site\/wp-json\/wp\/v2\/media?parent=131"}],"curies":[{"name":"wp","href":"https:\/\/api.w.org\/{rel}","templated":true}]}}