{"id":125,"date":"2016-04-08T13:46:07","date_gmt":"2016-04-08T13:46:07","guid":{"rendered":"http:\/\/sourtec.genesis.co.nl\/?page_id=125"},"modified":"2016-09-20T01:08:52","modified_gmt":"2016-09-20T01:08:52","slug":"testes-de-fadiga-fatigue-tests","status":"publish","type":"page","link":"http:\/\/sourtec.com\/site\/pt\/testes-de-fadiga-fatigue-tests\/","title":{"rendered":"Testes de Fadiga ao Ar"},"content":{"rendered":"<p><img decoding=\"async\" loading=\"lazy\" class=\"wp-image-431 alignleft\" src=\"http:\/\/sourtec.com\/site\/wp-content\/uploads\/2016\/04\/Oquefazemos_fadigaaoar_corpodotexto3.jpg\" alt=\"Oquefazemos_fadigaaoar_corpodotexto3\" width=\"176\" height=\"276\" srcset=\"http:\/\/sourtec.com\/site\/wp-content\/uploads\/2016\/04\/Oquefazemos_fadigaaoar_corpodotexto3.jpg 2002w, http:\/\/sourtec.com\/site\/wp-content\/uploads\/2016\/04\/Oquefazemos_fadigaaoar_corpodotexto3-191x300.jpg 191w, http:\/\/sourtec.com\/site\/wp-content\/uploads\/2016\/04\/Oquefazemos_fadigaaoar_corpodotexto3-768x1206.jpg 768w, http:\/\/sourtec.com\/site\/wp-content\/uploads\/2016\/04\/Oquefazemos_fadigaaoar_corpodotexto3-652x1024.jpg 652w\" sizes=\"(max-width: 176px) 100vw, 176px\" \/>\u00a0 \u00a0\u00a0<img decoding=\"async\" loading=\"lazy\" class=\"wp-image-443 alignleft\" src=\"http:\/\/sourtec.com\/site\/wp-content\/uploads\/2016\/04\/Oquefazemos_fadigaaoar_corpodotexto2.jpg\" alt=\"Oquefazemos_fadigaaoar_corpodotexto2\" width=\"184\" height=\"276\" srcset=\"http:\/\/sourtec.com\/site\/wp-content\/uploads\/2016\/04\/Oquefazemos_fadigaaoar_corpodotexto2.jpg 1001w, http:\/\/sourtec.com\/site\/wp-content\/uploads\/2016\/04\/Oquefazemos_fadigaaoar_corpodotexto2-200x300.jpg 200w, http:\/\/sourtec.com\/site\/wp-content\/uploads\/2016\/04\/Oquefazemos_fadigaaoar_corpodotexto2-768x1151.jpg 768w, http:\/\/sourtec.com\/site\/wp-content\/uploads\/2016\/04\/Oquefazemos_fadigaaoar_corpodotexto2-683x1024.jpg 683w\" sizes=\"(max-width: 184px) 100vw, 184px\" \/><img decoding=\"async\" loading=\"lazy\" class=\"wp-image-444 alignleft\" src=\"http:\/\/sourtec.com\/site\/wp-content\/uploads\/2016\/04\/Oquefazemos_fadigaaoar_corpodotexto1.jpg\" alt=\"Oquefazemos_fadigaaoar_corpodotexto1\" width=\"184\" height=\"276\" srcset=\"http:\/\/sourtec.com\/site\/wp-content\/uploads\/2016\/04\/Oquefazemos_fadigaaoar_corpodotexto1.jpg 1001w, http:\/\/sourtec.com\/site\/wp-content\/uploads\/2016\/04\/Oquefazemos_fadigaaoar_corpodotexto1-200x300.jpg 200w, http:\/\/sourtec.com\/site\/wp-content\/uploads\/2016\/04\/Oquefazemos_fadigaaoar_corpodotexto1-768x1151.jpg 768w, http:\/\/sourtec.com\/site\/wp-content\/uploads\/2016\/04\/Oquefazemos_fadigaaoar_corpodotexto1-683x1024.jpg 683w\" sizes=\"(max-width: 184px) 100vw, 184px\" \/>A Sourtec realiza testes de fadiga ao ar em escala reduzida e m\u00e9dia em armaduras de\u00a0<em>risers<\/em>\u00a0flex\u00edveis, arames de umbilicais e tubula\u00e7\u00f5es r\u00edgidas. Projetos variados em diferentes tipos de materiais e geometrias, tamb\u00e9m podem ser conduzidos na Sourtec.<\/p>\n<p>A capacidade de carga para escala reduzida \u00e9 de at\u00e9 35 kN e para \u00a0o escala m\u00e9dia \u00e9 at\u00e9 160 kN.<\/p>\n<p>A Sourtec \u00e9 capaz de executar os \u00a0testes de fadiga com diferentes formas de solicita\u00e7\u00e3o mec\u00e2nica, tais como flex\u00e3o e tra\u00e7\u00e3o.<\/p>\n<p>&nbsp;<\/p>\n<p>&nbsp;<\/p>\n<p>&nbsp;<\/p>\n<p>&nbsp;<\/p>\n<p>&nbsp;<\/p>\n<p>&nbsp;<\/p>\n<p>&nbsp;<\/p>\n<p>&nbsp;<\/p>\n<p>&nbsp;<\/p>\n<p>&nbsp;<\/p>\n","protected":false},"excerpt":{"rendered":"<p>\u00a0 \u00a0\u00a0A Sourtec realiza testes de fadiga ao ar em escala reduzida e m\u00e9dia em armaduras de\u00a0risers\u00a0flex\u00edveis, arames de umbilicais e tubula\u00e7\u00f5es r\u00edgidas. Projetos variados em diferentes tipos de materiais e geometrias, tamb\u00e9m podem ser conduzidos na Sourtec. A capacidade<\/p>\n","protected":false},"author":1,"featured_media":0,"parent":0,"menu_order":0,"comment_status":"closed","ping_status":"closed","template":"","meta":[],"_links":{"self":[{"href":"http:\/\/sourtec.com\/site\/wp-json\/wp\/v2\/pages\/125"}],"collection":[{"href":"http:\/\/sourtec.com\/site\/wp-json\/wp\/v2\/pages"}],"about":[{"href":"http:\/\/sourtec.com\/site\/wp-json\/wp\/v2\/types\/page"}],"author":[{"embeddable":true,"href":"http:\/\/sourtec.com\/site\/wp-json\/wp\/v2\/users\/1"}],"replies":[{"embeddable":true,"href":"http:\/\/sourtec.com\/site\/wp-json\/wp\/v2\/comments?post=125"}],"version-history":[{"count":17,"href":"http:\/\/sourtec.com\/site\/wp-json\/wp\/v2\/pages\/125\/revisions"}],"predecessor-version":[{"id":539,"href":"http:\/\/sourtec.com\/site\/wp-json\/wp\/v2\/pages\/125\/revisions\/539"}],"wp:attachment":[{"href":"http:\/\/sourtec.com\/site\/wp-json\/wp\/v2\/media?parent=125"}],"curies":[{"name":"wp","href":"https:\/\/api.w.org\/{rel}","templated":true}]}}