{"id":122,"date":"2016-04-08T13:44:39","date_gmt":"2016-04-08T13:44:39","guid":{"rendered":"http:\/\/sourtec.genesis.co.nl\/?page_id=122"},"modified":"2016-09-19T20:40:00","modified_gmt":"2016-09-19T20:40:00","slug":"testes-de-corrosao-fadiga-corrosion-fatigue-tests","status":"publish","type":"page","link":"http:\/\/sourtec.com\/site\/pt\/testes-de-corrosao-fadiga-corrosion-fatigue-tests\/","title":{"rendered":"Testes de Corros\u00e3o-Fadiga"},"content":{"rendered":"<p><img decoding=\"async\" loading=\"lazy\" class=\"alignnone size-full wp-image-429\" src=\"http:\/\/sourtec.genesis.co.nl\/wp-content\/uploads\/2016\/04\/banner-teste-corrosao_fadiga.png\" alt=\"banner-teste-corrosao_fadiga\" width=\"1100\" height=\"160\" srcset=\"http:\/\/sourtec.com\/site\/wp-content\/uploads\/2016\/04\/banner-teste-corrosao_fadiga.png 1100w, http:\/\/sourtec.com\/site\/wp-content\/uploads\/2016\/04\/banner-teste-corrosao_fadiga-300x44.png 300w, http:\/\/sourtec.com\/site\/wp-content\/uploads\/2016\/04\/banner-teste-corrosao_fadiga-768x112.png 768w, http:\/\/sourtec.com\/site\/wp-content\/uploads\/2016\/04\/banner-teste-corrosao_fadiga-1024x149.png 1024w\" sizes=\"(max-width: 1100px) 100vw, 1100px\" \/><a href=\"http:\/\/sourtec.genesis.co.nl\/wp-content\/uploads\/2016\/04\/benner-Corrosion-fatigue-tests.png\" rel=\"attachment wp-att-304\"><br \/>\n<\/a><\/p>\n<p>A equipe da Sourtec possui mais de uma d\u00e9cada de experi\u00eancia em testes de corros\u00e3o-fadiga, destacando-se em testes nas armaduras de linhas flex\u00edveis para a ind\u00fastria offshore.<\/p>\n<p>A Sourtec conta com facilidades que podem garantir testes em diversos meios corrosivos, sob diferentes condi\u00e7\u00f5es, notavelmente as condi\u00e7\u00f5es saturadas em CO<sub>2<\/sub>\/H<sub>2<\/sub>S ou outros gases associados \u00e0 explora\u00e7\u00e3o da ind\u00fastria petrol\u00edfera.<\/p>\n<p>Os equipamentos de testes desenvolvidos pela Sourtec podem trabalhar sob controle de elevadas press\u00f5es e temperaturas.\u00a0 Requisitos de medi\u00e7\u00f5es anal\u00edticas tais como: oxig\u00eanio dissolvido, \u00a0pH, teor de diferentes \u00edons associados a corros\u00e3o \u00a0tamb\u00e9m s\u00e3o atendidos.<\/p>\n<p>Composta por uma equipe multidisciplinar, a Sourtec tem a possibilidade de realizar projetos espec\u00edficos\/otimizados para atender aos requisitos de outras \u00e1reas da atividade industrial, para isto, \u00a0basta entrar em contato e teremos prazer em lhe atender.<\/p>\n<p>&nbsp;<\/p>\n<p>&nbsp;<\/p>\n<p>&nbsp;<\/p>\n<p>&nbsp;<\/p>\n<p>&nbsp;<\/p>\n","protected":false},"excerpt":{"rendered":"<p>A equipe da Sourtec possui mais de uma d\u00e9cada de experi\u00eancia em testes de corros\u00e3o-fadiga, destacando-se em testes nas armaduras de linhas flex\u00edveis para a ind\u00fastria offshore. A Sourtec conta com facilidades que podem garantir testes em diversos meios corrosivos,<\/p>\n","protected":false},"author":1,"featured_media":0,"parent":0,"menu_order":0,"comment_status":"closed","ping_status":"closed","template":"","meta":[],"_links":{"self":[{"href":"http:\/\/sourtec.com\/site\/wp-json\/wp\/v2\/pages\/122"}],"collection":[{"href":"http:\/\/sourtec.com\/site\/wp-json\/wp\/v2\/pages"}],"about":[{"href":"http:\/\/sourtec.com\/site\/wp-json\/wp\/v2\/types\/page"}],"author":[{"embeddable":true,"href":"http:\/\/sourtec.com\/site\/wp-json\/wp\/v2\/users\/1"}],"replies":[{"embeddable":true,"href":"http:\/\/sourtec.com\/site\/wp-json\/wp\/v2\/comments?post=122"}],"version-history":[{"count":13,"href":"http:\/\/sourtec.com\/site\/wp-json\/wp\/v2\/pages\/122\/revisions"}],"predecessor-version":[{"id":456,"href":"http:\/\/sourtec.com\/site\/wp-json\/wp\/v2\/pages\/122\/revisions\/456"}],"wp:attachment":[{"href":"http:\/\/sourtec.com\/site\/wp-json\/wp\/v2\/media?parent=122"}],"curies":[{"name":"wp","href":"https:\/\/api.w.org\/{rel}","templated":true}]}}